{"id":166,"date":"2024-09-16T17:23:35","date_gmt":"2024-09-16T15:23:35","guid":{"rendered":"https:\/\/web.sustraifrutadenda.eus\/?page_id=166"},"modified":"2024-09-25T13:05:29","modified_gmt":"2024-09-25T11:05:29","slug":"condiciones-de-uso","status":"publish","type":"page","link":"https:\/\/web.sustraifrutadenda.eus\/es\/condiciones-de-uso\/","title":{"rendered":"Condiciones de uso"},"content":{"rendered":"<section>\n<div class=\"container\">\n<p>Las presentes condiciones generales de uso de la p\u00e1gina web, regulan los t\u00e9rminos y condiciones de acceso y uso de www.sustraifrutadenda.eus\/web, propiedad de:<\/p>\n<ul>\n<li><strong>Titular<\/strong>: Sustrai Frutak, S.L.<\/li>\n<li><strong>Direcci\u00f3n<\/strong>: Calle Urola 8, Pabell\u00f3n 23 \u00b7 Legazpi [Gipuzkoa]<\/li>\n<li><strong>Tel\u00e9fono<\/strong>:662 518 011<\/li>\n<li><strong>Correo electr\u00f3nico<\/strong>: info@sustraifrutadenda.eus<\/li>\n<li><strong>Sitio web<\/strong>: www.sustraifrutadenda.eus\/web<\/li>\n<\/ul>\n<p>Las presentes condiciones generales de uso de la web regulan el acceso y su utilizaci\u00f3n, incluyendo los contenidos y los servicios puestos a disposici\u00f3n de los usuarios en y\/o a trav\u00e9s de la web, bien por la web, bien por terceros. No obstante, el acceso y la utilizaci\u00f3n de ciertos contenidos y\/o servicios puede encontrarse sometido a determinadas condiciones espec\u00edficas.<\/p>\n<p>El usuario de la web deber\u00e1 de leer y aceptar para usar todos los servicios e informaci\u00f3n que se facilitan desde la web. El mero acceso y\/o utilizaci\u00f3n de la web, de todos o parte de sus contenidos y\/o servicios significa la plena aceptaci\u00f3n de las presentes condiciones generales de uso.<\/p>\n<p>&nbsp;<\/p>\n<h2 class=\"h4\">Modificaciones<\/h2>\n<p>Sustrai Frutak, S.L. se reserva la facultad de modificar en cualquier momento las condiciones generales de uso de la web. En todo caso, se recomienda que consulte peri\u00f3dicamente los presentes t\u00e9rminos de uso de la web, ya que pueden ser modificados.<\/p>\n<p>&nbsp;<\/p>\n<h2 class=\"h4\">Obligaciones del Usuario<\/h2>\n<p>El usuario deber\u00e1 respetar en todo momento los t\u00e9rminos y condiciones establecidos en las presentes condiciones generales de uso de la web. De forma expresa el usuario manifiesta que utilizar\u00e1 la web de forma diligente y asumiendo cualquier responsabilidad que pudiera derivarse del incumplimiento de las normas.<\/p>\n<p>As\u00ed mismo, el usuario no podr\u00e1 utilizar la web para transmitir, almacenar, divulgar promover o distribuir datos o contenidos que sean portadores de virus o cualquier otro c\u00f3digo inform\u00e1tico, archivos o programas dise\u00f1ados para interrumpir, destruir o perjudicar el funcionamiento de cualquier programa o equipo inform\u00e1tico o de telecomunicaciones.<\/p>\n<p>&nbsp;<\/p>\n<h2 class=\"h4\">Responsabilidad de la web<\/h2>\n<p>El usuario conoce y acepta que la web no otorga ninguna garant\u00eda de cualquier naturaleza, ya sea expresa o impl\u00edcita, sobre los datos, contenidos, informaci\u00f3n y servicios que se incorporan y ofrecen desde la web.<\/p>\n<p>Exceptuando los casos que la Ley imponga expresamente lo contrario, y exclusivamente con la medida y extensi\u00f3n en que lo imponga, la web no garantiza ni asume responsabilidad alguna respecto a los posibles da\u00f1os y perjuicios causados por el uso y utilizaci\u00f3n de la informaci\u00f3n, datos y servicios de la web.<\/p>\n<p>En todo caso, la web excluye cualquier responsabilidad por los da\u00f1os y perjuicios que puedan deberse a la informaci\u00f3n y\/o servicios prestados o suministrados por terceros diferentes de Sustrai Frutak, S.L. Toda responsabilidad ser\u00e1 del tercero ya sea proveedor o colaborador.<\/p>\n<p>&nbsp;<\/p>\n<h2 class=\"h4\">Propiedad intelectual e industrial<\/h2>\n<p>Todos los contenidos, marcas, logos, dibujos, documentaci\u00f3n, programas inform\u00e1ticos o cualquier otro elemento susceptible de protecci\u00f3n por la legislaci\u00f3n de propiedad intelectual o industrial, que sean accesibles en la web corresponden exclusivamente a Sustrai Frutak, S.L. o a sus leg\u00edtimos titulares y quedan expresamente reservados todos los derechos sobre los mismos. Queda expresamente prohibida la creaci\u00f3n de enlaces de hipertexto (links) a cualquier elemento integrante de las p\u00e1ginas web de la web sin la autorizaci\u00f3n de Sustrai Frutak, S.L.<\/p>\n<p>En cualquier caso, la web se reserva todos los derechos sobre los contenidos, informaci\u00f3n datos y servicios que ostente sobre los mismos. La web no concede ninguna licencia o autorizaci\u00f3n de uso al usuario sobre sus contenidos, datos o servicios, distinta de la que expresamente se detalle en las presentes condiciones generales de uso de la web.<\/p>\n<p>&nbsp;<\/p>\n<h2 class=\"h4\">Legislaci\u00f3n aplicable, jurisdicci\u00f3n competente y notificaciones<\/h2>\n<p>Las presentes condiciones se rigen y se interpretan de acuerdo con las Leyes de Espa\u00f1a. Para cualquier reclamaci\u00f3n ser\u00e1n competentes los juzgados y tribunales de Tolosa. Todas las notificaciones, requerimientos, peticiones y otras comunicaciones que el Usuario desee efectuar a Sustrai Frutak, S.L. titular de la web deber\u00e1n realizarse por escrito y se entender\u00e1 que han sido correctamente realizadas cuando hayan sido recibidas en la siguiente direcci\u00f3n info@sustraifrutadenda.eus.<\/p>\n<p>&nbsp;<\/p>\n<\/div>\n<\/section>\n","protected":false},"excerpt":{"rendered":"<p>Las presentes condiciones generales de uso de la p\u00e1gina web, regulan los t\u00e9rminos y condiciones de acceso y uso de www.sustraifrutadenda.eus\/web, propiedad de: Titular: Sustrai Frutak, S.L. Direcci\u00f3n: Calle Urola 8, Pabell\u00f3n 23 \u00b7 Legazpi [Gipuzkoa] Tel\u00e9fono:662 518 011 Correo electr\u00f3nico: info@sustraifrutadenda.eus Sitio web: www.sustraifrutadenda.eus\/web Las presentes condiciones generales de uso de la web regulan [&hellip;]<\/p>\n","protected":false},"author":2,"featured_media":0,"parent":0,"menu_order":0,"comment_status":"closed","ping_status":"closed","template":"","meta":{"_acf_changed":false,"footnotes":""},"class_list":["post-166","page","type-page","status-publish","hentry"],"acf":[],"yoast_head":"<!-- This site is optimized with the Yoast SEO plugin v23.7 - https:\/\/yoast.com\/wordpress\/plugins\/seo\/ -->\n<title>Condiciones de uso | Sustrai fruta denda<\/title>\n<meta name=\"robots\" content=\"noindex, nofollow\" \/>\n<meta property=\"og:locale\" content=\"es_ES\" \/>\n<meta property=\"og:type\" content=\"article\" \/>\n<meta property=\"og:title\" content=\"Condiciones de uso | Sustrai fruta denda\" \/>\n<meta property=\"og:description\" content=\"Las presentes condiciones generales de uso de la p\u00e1gina web, regulan los t\u00e9rminos y condiciones de acceso y uso de www.sustraifrutadenda.eus\/web, propiedad de: Titular: Sustrai Frutak, S.L. Direcci\u00f3n: Calle Urola 8, Pabell\u00f3n 23 \u00b7 Legazpi [Gipuzkoa] Tel\u00e9fono:662 518 011 Correo electr\u00f3nico: info@sustraifrutadenda.eus Sitio web: www.sustraifrutadenda.eus\/web Las presentes condiciones generales de uso de la web regulan [&hellip;]\" \/>\n<meta property=\"og:url\" content=\"https:\/\/web.sustraifrutadenda.eus\/es\/condiciones-de-uso\/\" \/>\n<meta property=\"og:site_name\" content=\"Sustrai fruta denda\" \/>\n<meta property=\"article:modified_time\" content=\"2024-09-25T11:05:29+00:00\" \/>\n<meta name=\"twitter:card\" content=\"summary_large_image\" \/>\n<meta name=\"twitter:label1\" content=\"Tiempo de lectura\" \/>\n\t<meta name=\"twitter:data1\" content=\"4 minutos\" \/>\n<script type=\"application\/ld+json\" class=\"yoast-schema-graph\">{\"@context\":\"https:\/\/schema.org\",\"@graph\":[{\"@type\":\"WebPage\",\"@id\":\"https:\/\/web.sustraifrutadenda.eus\/es\/condiciones-de-uso\/\",\"url\":\"https:\/\/web.sustraifrutadenda.eus\/es\/condiciones-de-uso\/\",\"name\":\"Condiciones de uso | Sustrai fruta denda\",\"isPartOf\":{\"@id\":\"https:\/\/web.sustraifrutadenda.eus\/es\/#website\"},\"datePublished\":\"2024-09-16T15:23:35+00:00\",\"dateModified\":\"2024-09-25T11:05:29+00:00\",\"breadcrumb\":{\"@id\":\"https:\/\/web.sustraifrutadenda.eus\/es\/condiciones-de-uso\/#breadcrumb\"},\"inLanguage\":\"es\",\"potentialAction\":[{\"@type\":\"ReadAction\",\"target\":[\"https:\/\/web.sustraifrutadenda.eus\/es\/condiciones-de-uso\/\"]}]},{\"@type\":\"BreadcrumbList\",\"@id\":\"https:\/\/web.sustraifrutadenda.eus\/es\/condiciones-de-uso\/#breadcrumb\",\"itemListElement\":[{\"@type\":\"ListItem\",\"position\":1,\"name\":\"Home\",\"item\":\"https:\/\/web.sustraifrutadenda.eus\/es\/\"},{\"@type\":\"ListItem\",\"position\":2,\"name\":\"Condiciones de uso\"}]},{\"@type\":\"WebSite\",\"@id\":\"https:\/\/web.sustraifrutadenda.eus\/es\/#website\",\"url\":\"https:\/\/web.sustraifrutadenda.eus\/es\/\",\"name\":\"Sustrai fruta denda\",\"description\":\"Osasuntsu jan, Izan Sustrai!\",\"publisher\":{\"@id\":\"https:\/\/web.sustraifrutadenda.eus\/es\/#organization\"},\"potentialAction\":[{\"@type\":\"SearchAction\",\"target\":{\"@type\":\"EntryPoint\",\"urlTemplate\":\"https:\/\/web.sustraifrutadenda.eus\/es\/?s={search_term_string}\"},\"query-input\":{\"@type\":\"PropertyValueSpecification\",\"valueRequired\":true,\"valueName\":\"search_term_string\"}}],\"inLanguage\":\"es\"},{\"@type\":\"Organization\",\"@id\":\"https:\/\/web.sustraifrutadenda.eus\/es\/#organization\",\"name\":\"Sustrai fruta denda\",\"url\":\"https:\/\/web.sustraifrutadenda.eus\/es\/\",\"logo\":{\"@type\":\"ImageObject\",\"inLanguage\":\"es\",\"@id\":\"https:\/\/web.sustraifrutadenda.eus\/es\/#\/schema\/logo\/image\/\",\"url\":\"https:\/\/web.sustraifrutadenda.eus\/wp-content\/uploads\/2024\/09\/sustraifrutadenda-logoa.png\",\"contentUrl\":\"https:\/\/web.sustraifrutadenda.eus\/wp-content\/uploads\/2024\/09\/sustraifrutadenda-logoa.png\",\"width\":319,\"height\":125,\"caption\":\"Sustrai fruta denda\"},\"image\":{\"@id\":\"https:\/\/web.sustraifrutadenda.eus\/es\/#\/schema\/logo\/image\/\"}}]}<\/script>\n<!-- \/ Yoast SEO plugin. -->","yoast_head_json":{"title":"Condiciones de uso | Sustrai fruta denda","robots":{"index":"noindex","follow":"nofollow"},"og_locale":"es_ES","og_type":"article","og_title":"Condiciones de uso | Sustrai fruta denda","og_description":"Las presentes condiciones generales de uso de la p\u00e1gina web, regulan los t\u00e9rminos y condiciones de acceso y uso de www.sustraifrutadenda.eus\/web, propiedad de: Titular: Sustrai Frutak, S.L. Direcci\u00f3n: Calle Urola 8, Pabell\u00f3n 23 \u00b7 Legazpi [Gipuzkoa] Tel\u00e9fono:662 518 011 Correo electr\u00f3nico: info@sustraifrutadenda.eus Sitio web: www.sustraifrutadenda.eus\/web Las presentes condiciones generales de uso de la web regulan [&hellip;]","og_url":"https:\/\/web.sustraifrutadenda.eus\/es\/condiciones-de-uso\/","og_site_name":"Sustrai fruta denda","article_modified_time":"2024-09-25T11:05:29+00:00","twitter_card":"summary_large_image","twitter_misc":{"Tiempo de lectura":"4 minutos"},"schema":{"@context":"https:\/\/schema.org","@graph":[{"@type":"WebPage","@id":"https:\/\/web.sustraifrutadenda.eus\/es\/condiciones-de-uso\/","url":"https:\/\/web.sustraifrutadenda.eus\/es\/condiciones-de-uso\/","name":"Condiciones de uso | Sustrai fruta denda","isPartOf":{"@id":"https:\/\/web.sustraifrutadenda.eus\/es\/#website"},"datePublished":"2024-09-16T15:23:35+00:00","dateModified":"2024-09-25T11:05:29+00:00","breadcrumb":{"@id":"https:\/\/web.sustraifrutadenda.eus\/es\/condiciones-de-uso\/#breadcrumb"},"inLanguage":"es","potentialAction":[{"@type":"ReadAction","target":["https:\/\/web.sustraifrutadenda.eus\/es\/condiciones-de-uso\/"]}]},{"@type":"BreadcrumbList","@id":"https:\/\/web.sustraifrutadenda.eus\/es\/condiciones-de-uso\/#breadcrumb","itemListElement":[{"@type":"ListItem","position":1,"name":"Home","item":"https:\/\/web.sustraifrutadenda.eus\/es\/"},{"@type":"ListItem","position":2,"name":"Condiciones de uso"}]},{"@type":"WebSite","@id":"https:\/\/web.sustraifrutadenda.eus\/es\/#website","url":"https:\/\/web.sustraifrutadenda.eus\/es\/","name":"Sustrai fruta denda","description":"Osasuntsu jan, Izan Sustrai!","publisher":{"@id":"https:\/\/web.sustraifrutadenda.eus\/es\/#organization"},"potentialAction":[{"@type":"SearchAction","target":{"@type":"EntryPoint","urlTemplate":"https:\/\/web.sustraifrutadenda.eus\/es\/?s={search_term_string}"},"query-input":{"@type":"PropertyValueSpecification","valueRequired":true,"valueName":"search_term_string"}}],"inLanguage":"es"},{"@type":"Organization","@id":"https:\/\/web.sustraifrutadenda.eus\/es\/#organization","name":"Sustrai fruta denda","url":"https:\/\/web.sustraifrutadenda.eus\/es\/","logo":{"@type":"ImageObject","inLanguage":"es","@id":"https:\/\/web.sustraifrutadenda.eus\/es\/#\/schema\/logo\/image\/","url":"https:\/\/web.sustraifrutadenda.eus\/wp-content\/uploads\/2024\/09\/sustraifrutadenda-logoa.png","contentUrl":"https:\/\/web.sustraifrutadenda.eus\/wp-content\/uploads\/2024\/09\/sustraifrutadenda-logoa.png","width":319,"height":125,"caption":"Sustrai fruta denda"},"image":{"@id":"https:\/\/web.sustraifrutadenda.eus\/es\/#\/schema\/logo\/image\/"}}]}},"_links":{"self":[{"href":"https:\/\/web.sustraifrutadenda.eus\/es\/wp-json\/wp\/v2\/pages\/166","targetHints":{"allow":["GET"]}}],"collection":[{"href":"https:\/\/web.sustraifrutadenda.eus\/es\/wp-json\/wp\/v2\/pages"}],"about":[{"href":"https:\/\/web.sustraifrutadenda.eus\/es\/wp-json\/wp\/v2\/types\/page"}],"author":[{"embeddable":true,"href":"https:\/\/web.sustraifrutadenda.eus\/es\/wp-json\/wp\/v2\/users\/2"}],"replies":[{"embeddable":true,"href":"https:\/\/web.sustraifrutadenda.eus\/es\/wp-json\/wp\/v2\/comments?post=166"}],"version-history":[{"count":1,"href":"https:\/\/web.sustraifrutadenda.eus\/es\/wp-json\/wp\/v2\/pages\/166\/revisions"}],"predecessor-version":[{"id":167,"href":"https:\/\/web.sustraifrutadenda.eus\/es\/wp-json\/wp\/v2\/pages\/166\/revisions\/167"}],"wp:attachment":[{"href":"https:\/\/web.sustraifrutadenda.eus\/es\/wp-json\/wp\/v2\/media?parent=166"}],"curies":[{"name":"wp","href":"https:\/\/api.w.org\/{rel}","templated":true}]}}